{"id":1431,"date":"2024-12-03T06:54:40","date_gmt":"2024-12-03T06:54:40","guid":{"rendered":"https:\/\/salsabruxelles.customerdevsites.com\/melanie\/"},"modified":"2025-01-08T13:56:46","modified_gmt":"2025-01-08T13:56:46","slug":"melanie","status":"publish","type":"page","link":"https:\/\/salsabruxelles.be\/nl\/melanie\/","title":{"rendered":"Melanie"},"content":{"rendered":"\t\t<div data-elementor-type=\"wp-page\" data-elementor-id=\"1431\" class=\"elementor elementor-1431 elementor-1049\" data-elementor-post-type=\"page\">\n\t\t\t\t<div class=\"elementor-element elementor-element-9357fd9 e-con-full e-flex e-con e-parent\" data-id=\"9357fd9\" data-element_type=\"container\">\n\t\t<div class=\"elementor-element elementor-element-689528a e-con-full link e-flex e-con e-child\" data-id=\"689528a\" data-element_type=\"container\">\n\t\t\t\t<div class=\"elementor-element elementor-element-d808a44 elementor-widget elementor-widget-heading\" data-id=\"d808a44\" data-element_type=\"widget\" data-widget_type=\"heading.default\">\n\t\t\t\t<div class=\"elementor-widget-container\">\n\t\t\t\t\t<h2 class=\"elementor-heading-title elementor-size-default\">  M\u00e9lanie  <\/h2>\t\t\t\t<\/div>\n\t\t\t\t<\/div>\n\t\t\t\t<div class=\"elementor-element elementor-element-cedbfaf elementor-widget elementor-widget-heading\" data-id=\"cedbfaf\" data-element_type=\"widget\" data-widget_type=\"heading.default\">\n\t\t\t\t<div class=\"elementor-widget-container\">\n\t\t\t\t\t<p class=\"elementor-heading-title elementor-size-default\">Al op zeer jonge leeftijd ontwikkelde M\u00e9lanie haar gevoeligheid voor muziek: ze benaderde dans met moderne jazz en ori\u00ebntaalse dans, door middel van lessen en verschillende shows.<\/p>\t\t\t\t<\/div>\n\t\t\t\t<\/div>\n\t\t\t\t<div class=\"elementor-element elementor-element-1906b01 elementor-widget elementor-widget-heading\" data-id=\"1906b01\" data-element_type=\"widget\" data-widget_type=\"heading.default\">\n\t\t\t\t<div class=\"elementor-widget-container\">\n\t\t\t\t\t<p class=\"elementor-heading-title elementor-size-default\">Als jongvolwassene bezocht ze Latijns-Amerika, vooral Chili en Bolivia. Ze is geraakt door zowel de authentieke kant van de populaire cultuur als door de feestelijke en gevarieerde muziek.<\/p>\t\t\t\t<\/div>\n\t\t\t\t<\/div>\n\t\t\t\t<div class=\"elementor-element elementor-element-3037b76 elementor-widget elementor-widget-heading\" data-id=\"3037b76\" data-element_type=\"widget\" data-widget_type=\"heading.default\">\n\t\t\t\t<div class=\"elementor-widget-container\">\n\t\t\t\t\t<p class=\"elementor-heading-title elementor-size-default\">In 2015 duwde ze op de deur van Salsa Bruxelles, en een paar maanden later nodigde <a href=\"https:\/\/www.salsabruxelles.be\/en\/alain\/\">Alain<\/a> haar uit om deel te nemen aan de Masterclass die hij op dat moment organiseerde.<\/p>\t\t\t\t<\/div>\n\t\t\t\t<\/div>\n\t\t\t\t<div class=\"elementor-element elementor-element-98f1b88 elementor-widget elementor-widget-heading\" data-id=\"98f1b88\" data-element_type=\"widget\" data-widget_type=\"heading.default\">\n\t\t\t\t<div class=\"elementor-widget-container\">\n\t\t\t\t\t<p class=\"elementor-heading-title elementor-size-default\">Sindsdien maakt ze deel uit van het personeel van de school en heeft ze er een intens en duidelijk zichtbaar plezier in om er les te geven, in samenwerking met het team.<\/p>\t\t\t\t<\/div>\n\t\t\t\t<\/div>\n\t\t\t\t<div class=\"elementor-element elementor-element-6f34dfc elementor-widget elementor-widget-heading\" data-id=\"6f34dfc\" data-element_type=\"widget\" data-widget_type=\"heading.default\">\n\t\t\t\t<div class=\"elementor-widget-container\">\n\t\t\t\t\t<p class=\"elementor-heading-title elementor-size-default\">M\u00e9lanie gaat permanent door met leren, op de dansvloer en op internationale festivals.<\/p>\t\t\t\t<\/div>\n\t\t\t\t<\/div>\n\t\t\t\t<div class=\"elementor-element elementor-element-9270f02 elementor-widget elementor-widget-heading\" data-id=\"9270f02\" data-element_type=\"widget\" data-widget_type=\"heading.default\">\n\t\t\t\t<div class=\"elementor-widget-container\">\n\t\t\t\t\t<p class=\"elementor-heading-title elementor-size-default\">La Salsa nunca pare'...<\/p>\t\t\t\t<\/div>\n\t\t\t\t<\/div>\n\t\t\t\t<\/div>\n\t\t\t\t<\/div>\n\t\t<div class=\"elementor-element elementor-element-1d78e3c e-flex e-con-boxed e-con e-parent\" data-id=\"1d78e3c\" data-element_type=\"container\">\n\t\t\t\t\t<div class=\"e-con-inner\">\n\t\t\t\t<div class=\"elementor-element elementor-element-b50d689 elementor-widget elementor-widget-image\" data-id=\"b50d689\" data-element_type=\"widget\" data-widget_type=\"image.default\">\n\t\t\t\t<div class=\"elementor-widget-container\">\n\t\t\t\t\t\t\t\t\t\t\t\t\t\t\t<img alt=\"\" fetchpriority=\"high\" decoding=\"async\" width=\"600\" height=\"436\" src=\"https:\/\/salsabruxelles.be\/wp-content\/uploads\/2024\/12\/oksana_reference.jpg\" class=\"attachment-large size-large wp-image-1354\" alt=\"\" srcset=\"https:\/\/salsabruxelles.be\/wp-content\/uploads\/2024\/12\/oksana_reference.jpg 600w, https:\/\/salsabruxelles.be\/wp-content\/uploads\/2024\/12\/oksana_reference-300x218.jpg 300w\" sizes=\"(max-width: 600px) 100vw, 600px\" \/>\t\t\t\t\t\t\t\t\t\t\t\t\t\t\t<\/div>\n\t\t\t\t<\/div>\n\t\t\t\t<div class=\"elementor-element elementor-element-8215139 elementor-widget elementor-widget-image\" data-id=\"8215139\" data-element_type=\"widget\" data-widget_type=\"image.default\">\n\t\t\t\t<div class=\"elementor-widget-container\">\n\t\t\t\t\t\t\t\t\t\t\t\t\t\t\t<img alt=\"\" decoding=\"async\" width=\"600\" height=\"600\" src=\"https:\/\/salsabruxelles.be\/wp-content\/uploads\/2024\/12\/ary-melanie_reference-1.jpg\" class=\"attachment-large size-large wp-image-1356\" alt=\"\" srcset=\"https:\/\/salsabruxelles.be\/wp-content\/uploads\/2024\/12\/ary-melanie_reference-1.jpg 600w, https:\/\/salsabruxelles.be\/wp-content\/uploads\/2024\/12\/ary-melanie_reference-1-300x300.jpg 300w, https:\/\/salsabruxelles.be\/wp-content\/uploads\/2024\/12\/ary-melanie_reference-1-150x150.jpg 150w\" sizes=\"(max-width: 600px) 100vw, 600px\" \/>\t\t\t\t\t\t\t\t\t\t\t\t\t\t\t<\/div>\n\t\t\t\t<\/div>\n\t\t\t\t\t<\/div>\n\t\t\t\t<\/div>\n\t\t\t\t<\/div>\n\t\t","protected":false},"excerpt":{"rendered":"<p>M\u00e9lanie Al op zeer jonge leeftijd ontwikkelde M\u00e9lanie haar gevoeligheid voor muziek: ze benaderde dans met moderne jazz en ori\u00ebntaalse dans, door middel van lessen en verschillende shows. Als jongvolwassene bezocht ze Latijns-Amerika, vooral Chili en Bolivia. Ze is geraakt door zowel de authentieke kant van de populaire cultuur als door de feestelijke en gevarieerde [&hellip;]<\/p>\n","protected":false},"author":2,"featured_media":0,"parent":0,"menu_order":0,"comment_status":"closed","ping_status":"closed","template":"elementor_header_footer","meta":{"_seopress_robots_primary_cat":"","_seopress_titles_title":"","_seopress_titles_desc":"","_seopress_robots_index":"","footnotes":""},"class_list":["post-1431","page","type-page","status-publish","hentry"],"_links":{"self":[{"href":"https:\/\/salsabruxelles.be\/nl\/wp-json\/wp\/v2\/pages\/1431","targetHints":{"allow":["GET"]}}],"collection":[{"href":"https:\/\/salsabruxelles.be\/nl\/wp-json\/wp\/v2\/pages"}],"about":[{"href":"https:\/\/salsabruxelles.be\/nl\/wp-json\/wp\/v2\/types\/page"}],"author":[{"embeddable":true,"href":"https:\/\/salsabruxelles.be\/nl\/wp-json\/wp\/v2\/users\/2"}],"replies":[{"embeddable":true,"href":"https:\/\/salsabruxelles.be\/nl\/wp-json\/wp\/v2\/comments?post=1431"}],"version-history":[{"count":2,"href":"https:\/\/salsabruxelles.be\/nl\/wp-json\/wp\/v2\/pages\/1431\/revisions"}],"predecessor-version":[{"id":3395,"href":"https:\/\/salsabruxelles.be\/nl\/wp-json\/wp\/v2\/pages\/1431\/revisions\/3395"}],"wp:attachment":[{"href":"https:\/\/salsabruxelles.be\/nl\/wp-json\/wp\/v2\/media?parent=1431"}],"curies":[{"name":"wp","href":"https:\/\/api.w.org\/{rel}","templated":true}]}}